{"id":2362,"date":"2021-05-03T07:24:56","date_gmt":"2021-05-03T05:24:56","guid":{"rendered":"https:\/\/allfibercables.com\/aviso-legal\/"},"modified":"2022-12-14T17:21:57","modified_gmt":"2022-12-14T15:21:57","slug":"legal-notice","status":"publish","type":"page","link":"https:\/\/allfibercables.com\/en\/legal-notice\/","title":{"rendered":"Legal notice"},"content":{"rendered":"\t\t<div data-elementor-type=\"wp-page\" data-elementor-id=\"2362\" class=\"elementor elementor-2362 elementor-20\">\n\t\t\t\t\t\t<div class=\"elementor-inner\">\n\t\t\t\t<div class=\"elementor-section-wrap\">\n\t\t\t\t\t\t\t\t\t<section class=\"elementor-section elementor-top-section elementor-element elementor-element-f799df2 elementor-section-boxed elementor-section-height-default elementor-section-height-default\" data-id=\"f799df2\" data-element_type=\"section\" data-settings=\"{&quot;jet_parallax_layout_list&quot;:[{&quot;jet_parallax_layout_image&quot;:{&quot;url&quot;:&quot;&quot;,&quot;id&quot;:&quot;&quot;},&quot;_id&quot;:&quot;6c5a817&quot;,&quot;jet_parallax_layout_image_tablet&quot;:{&quot;url&quot;:&quot;&quot;,&quot;id&quot;:&quot;&quot;},&quot;jet_parallax_layout_image_mobile&quot;:{&quot;url&quot;:&quot;&quot;,&quot;id&quot;:&quot;&quot;},&quot;jet_parallax_layout_speed&quot;:{&quot;unit&quot;:&quot;%&quot;,&quot;size&quot;:50,&quot;sizes&quot;:[]},&quot;jet_parallax_layout_type&quot;:&quot;scroll&quot;,&quot;jet_parallax_layout_direction&quot;:null,&quot;jet_parallax_layout_fx_direction&quot;:null,&quot;jet_parallax_layout_z_index&quot;:&quot;&quot;,&quot;jet_parallax_layout_bg_x&quot;:50,&quot;jet_parallax_layout_bg_x_tablet&quot;:&quot;&quot;,&quot;jet_parallax_layout_bg_x_mobile&quot;:&quot;&quot;,&quot;jet_parallax_layout_bg_y&quot;:50,&quot;jet_parallax_layout_bg_y_tablet&quot;:&quot;&quot;,&quot;jet_parallax_layout_bg_y_mobile&quot;:&quot;&quot;,&quot;jet_parallax_layout_bg_size&quot;:&quot;auto&quot;,&quot;jet_parallax_layout_bg_size_tablet&quot;:&quot;&quot;,&quot;jet_parallax_layout_bg_size_mobile&quot;:&quot;&quot;,&quot;jet_parallax_layout_animation_prop&quot;:&quot;transform&quot;,&quot;jet_parallax_layout_on&quot;:[&quot;desktop&quot;,&quot;tablet&quot;]}]}\">\n\t\t\t\t\t\t<div class=\"elementor-container elementor-column-gap-default\">\n\t\t\t\t\t\t\t<div class=\"elementor-row\">\n\t\t\t\t\t<div class=\"elementor-column elementor-col-100 elementor-top-column elementor-element elementor-element-7257bfd\" data-id=\"7257bfd\" data-element_type=\"column\">\n\t\t\t<div class=\"elementor-column-wrap elementor-element-populated\">\n\t\t\t\t\t\t\t<div class=\"elementor-widget-wrap\">\n\t\t\t\t\t\t<div class=\"elementor-element elementor-element-be0a6d3 elementor-widget elementor-widget-text-editor\" data-id=\"be0a6d3\" data-element_type=\"widget\" data-widget_type=\"text-editor.default\">\n\t\t\t\t<div class=\"elementor-widget-container\">\n\t\t\t\t\t\t\t\t<div class=\"elementor-text-editor elementor-clearfix\">\n\t\t\t\t<h1>Aviso legal<\/h1>\n<ul>\n \t<li><strong>Raz\u00f3n social:<\/strong> ALL FIBER CABLES<\/li>\n \t<li><strong>CIF:<\/strong> B16842445<\/li>\n \t<li><strong>Direcci\u00f3n fiscal:<\/strong> Edgar Neville 6, Madrid <\/li>\n \t<li><strong>Tel\u00e9fono:<\/strong> +34 919 931 408<\/li>\n \t<li><strong>Correo electr\u00f3nico:<\/strong> info@allfibercables.com<\/li>\n \t<li><strong>Dominio:<\/strong> www.allfibercables.com<\/li>\n<\/ul>\n<h2><\/h2>\n<h2>Propiedad intelectual y contenido<\/h2>\nALL FIBER CABLES es la entidad propietaria de los nombres de dominio que identifican al sitio web y es titular del alojamiento de las p\u00e1ginas en el servidor oportuno, as\u00ed como de las cuentas de correo electr\u00f3nico que pertenezcan al dominio citado. As\u00ed mismo, es propietaria de los contenidos publicados, textos y fotograf\u00edas mientras no se indique diferente propiedad.\n\nNo est\u00e1 permitida la reproducci\u00f3n y\/o publicaci\u00f3n, total o parcial, del portal o sus contenidos, ni su tratamiento inform\u00e1tico, su distribuci\u00f3n, su difusi\u00f3n, ni su modificaci\u00f3n, transformaci\u00f3n, ni dem\u00e1s derechos reconocidos legalmente a sus titulares, sin el permiso previo, expreso y por escrito de los autores identificados o de ALL FIBER CABLES.\n\n&nbsp;\n<h2>Ley de la sociedad de la informaci\u00f3n y comercio electr\u00f3nico<\/h2>\nEn cumplimiento de la Ley 34\/2002 de 11 de Julio, de Servicios de la Sociedad de la Informaci\u00f3n\u00a0 y de Comercio Electr\u00f3nico, y la Ley 32\/2003, de 3 de noviembre, General de Telecomunicaciones se informa a los usuarios que el env\u00edo de los formularios o correos electr\u00f3nicos implicar\u00e1 el consentimiento expreso para recibir comunicaciones comerciales de ALL FIBER CABLES mediante correo electr\u00f3nico o cualquier otro medio electr\u00f3nico de comunicaci\u00f3n. No obstante, sino desea seguir recibiendo comunicaciones comerciales puede comunicarlo en +34 919 931 408 y info@allfibercables.com.\n\n&nbsp;\n<h2>Legislaci\u00f3n aplicable<\/h2>\nToda la controversia surgida de la interpretaci\u00f3n del presente \u201cAviso Legal\u201d, \u201cPol\u00edtica de Privacidad\u201d o \u201cPol\u00edtica de cookies\u201d se regir\u00e1 por la legislaci\u00f3n espa\u00f1ola, en concreto a la jurisdicci\u00f3n de los Juzgados y Tribunales de Madrid.\t\t\t\t\t<\/div>\n\t\t\t\t\t\t<\/div>\n\t\t\t\t<\/div>\n\t\t\t\t\t\t<\/div>\n\t\t\t\t\t<\/div>\n\t\t<\/div>\n\t\t\t\t\t\t\t\t<\/div>\n\t\t\t\t\t<\/div>\n\t\t<\/section>\n\t\t\t\t\t\t\t\t\t<\/div>\n\t\t\t<\/div>\n\t\t\t\t\t<\/div>\n\t\t","protected":false},"excerpt":{"rendered":"<p>Aviso legal Raz\u00f3n social: CIF: Direcci\u00f3n fiscal: Tel\u00e9fono: Correo electr\u00f3nico: Dominio: Propiedad intelectual y contenido es la entidad propietaria de los nombres de dominio que identifican al sitio web y es titular del alojamiento de las p\u00e1ginas en el servidor oportuno, as\u00ed como de las cuentas de correo electr\u00f3nico que pertenezcan al dominio citado. As\u00ed [&hellip;]<\/p>\n","protected":false},"author":1,"featured_media":0,"parent":0,"menu_order":0,"comment_status":"closed","ping_status":"closed","template":"","meta":{"footnotes":""},"class_list":["post-2362","page","type-page","status-publish","hentry"],"yoast_head":"<!-- This site is optimized with the Yoast SEO plugin v19.11 - https:\/\/yoast.com\/wordpress\/plugins\/seo\/ -->\n<title>Legal notice - All Fiber Cables<\/title>\n<meta name=\"description\" content=\"Aviso legal Raz\u00f3n social: CIF: Direcci\u00f3n fiscal: Tel\u00e9fono: Correo electr\u00f3nico: Dominio: Propiedad intelectual y contenido es la entidad propietaria de los\" \/>\n<meta name=\"robots\" content=\"noindex, follow\" \/>\n<meta property=\"og:locale\" content=\"en_US\" \/>\n<meta property=\"og:type\" content=\"article\" \/>\n<meta property=\"og:title\" content=\"Legal notice - All Fiber Cables\" \/>\n<meta property=\"og:description\" content=\"Aviso legal Raz\u00f3n social: CIF: Direcci\u00f3n fiscal: Tel\u00e9fono: Correo electr\u00f3nico: Dominio: Propiedad intelectual y contenido es la entidad propietaria de los\" \/>\n<meta property=\"og:url\" content=\"https:\/\/allfibercables.com\/en\/legal-notice\/\" \/>\n<meta property=\"og:site_name\" content=\"All Fiber Cables\" \/>\n<meta property=\"article:modified_time\" content=\"2022-12-14T15:21:57+00:00\" \/>\n<meta name=\"twitter:card\" content=\"summary_large_image\" \/>\n<meta name=\"twitter:label1\" content=\"Est. reading time\" \/>\n\t<meta name=\"twitter:data1\" content=\"2 minutes\" \/>\n<script type=\"application\/ld+json\" class=\"yoast-schema-graph\">{\"@context\":\"https:\/\/schema.org\",\"@graph\":[{\"@type\":\"WebPage\",\"@id\":\"https:\/\/allfibercables.com\/en\/legal-notice\/\",\"url\":\"https:\/\/allfibercables.com\/en\/legal-notice\/\",\"name\":\"Legal notice - All Fiber Cables\",\"isPartOf\":{\"@id\":\"https:\/\/allfibercables.com\/#website\"},\"datePublished\":\"2021-05-03T05:24:56+00:00\",\"dateModified\":\"2022-12-14T15:21:57+00:00\",\"description\":\"Aviso legal Raz\u00f3n social: CIF: Direcci\u00f3n fiscal: Tel\u00e9fono: Correo electr\u00f3nico: Dominio: Propiedad intelectual y contenido es la entidad propietaria de los\",\"breadcrumb\":{\"@id\":\"https:\/\/allfibercables.com\/en\/legal-notice\/#breadcrumb\"},\"inLanguage\":\"en-US\",\"potentialAction\":[{\"@type\":\"ReadAction\",\"target\":[\"https:\/\/allfibercables.com\/en\/legal-notice\/\"]}]},{\"@type\":\"BreadcrumbList\",\"@id\":\"https:\/\/allfibercables.com\/en\/legal-notice\/#breadcrumb\",\"itemListElement\":[{\"@type\":\"ListItem\",\"position\":1,\"name\":\"Inicio\",\"item\":\"https:\/\/allfibercables.com\/\"},{\"@type\":\"ListItem\",\"position\":2,\"name\":\"Legal notice\"}]},{\"@type\":\"WebSite\",\"@id\":\"https:\/\/allfibercables.com\/#website\",\"url\":\"https:\/\/allfibercables.com\/\",\"name\":\"All Fiber Cables\",\"description\":\"\",\"publisher\":{\"@id\":\"https:\/\/allfibercables.com\/#organization\"},\"potentialAction\":[{\"@type\":\"SearchAction\",\"target\":{\"@type\":\"EntryPoint\",\"urlTemplate\":\"https:\/\/allfibercables.com\/?s={search_term_string}\"},\"query-input\":\"required name=search_term_string\"}],\"inLanguage\":\"en-US\"},{\"@type\":\"Organization\",\"@id\":\"https:\/\/allfibercables.com\/#organization\",\"name\":\"All Fiber Cables\",\"url\":\"https:\/\/allfibercables.com\/\",\"logo\":{\"@type\":\"ImageObject\",\"inLanguage\":\"en-US\",\"@id\":\"https:\/\/allfibercables.com\/#\/schema\/logo\/image\/\",\"url\":\"https:\/\/allfibercables.com\/wp-content\/uploads\/2022\/11\/afc-logo-1.svg\",\"contentUrl\":\"https:\/\/allfibercables.com\/wp-content\/uploads\/2022\/11\/afc-logo-1.svg\",\"width\":500,\"height\":278,\"caption\":\"All Fiber Cables\"},\"image\":{\"@id\":\"https:\/\/allfibercables.com\/#\/schema\/logo\/image\/\"}}]}<\/script>\n<!-- \/ Yoast SEO plugin. -->","yoast_head_json":{"title":"Legal notice - All Fiber Cables","description":"Aviso legal Raz\u00f3n social: CIF: Direcci\u00f3n fiscal: Tel\u00e9fono: Correo electr\u00f3nico: Dominio: Propiedad intelectual y contenido es la entidad propietaria de los","robots":{"index":"noindex","follow":"follow"},"og_locale":"en_US","og_type":"article","og_title":"Legal notice - All Fiber Cables","og_description":"Aviso legal Raz\u00f3n social: CIF: Direcci\u00f3n fiscal: Tel\u00e9fono: Correo electr\u00f3nico: Dominio: Propiedad intelectual y contenido es la entidad propietaria de los","og_url":"https:\/\/allfibercables.com\/en\/legal-notice\/","og_site_name":"All Fiber Cables","article_modified_time":"2022-12-14T15:21:57+00:00","twitter_card":"summary_large_image","twitter_misc":{"Est. reading time":"2 minutes"},"schema":{"@context":"https:\/\/schema.org","@graph":[{"@type":"WebPage","@id":"https:\/\/allfibercables.com\/en\/legal-notice\/","url":"https:\/\/allfibercables.com\/en\/legal-notice\/","name":"Legal notice - All Fiber Cables","isPartOf":{"@id":"https:\/\/allfibercables.com\/#website"},"datePublished":"2021-05-03T05:24:56+00:00","dateModified":"2022-12-14T15:21:57+00:00","description":"Aviso legal Raz\u00f3n social: CIF: Direcci\u00f3n fiscal: Tel\u00e9fono: Correo electr\u00f3nico: Dominio: Propiedad intelectual y contenido es la entidad propietaria de los","breadcrumb":{"@id":"https:\/\/allfibercables.com\/en\/legal-notice\/#breadcrumb"},"inLanguage":"en-US","potentialAction":[{"@type":"ReadAction","target":["https:\/\/allfibercables.com\/en\/legal-notice\/"]}]},{"@type":"BreadcrumbList","@id":"https:\/\/allfibercables.com\/en\/legal-notice\/#breadcrumb","itemListElement":[{"@type":"ListItem","position":1,"name":"Inicio","item":"https:\/\/allfibercables.com\/"},{"@type":"ListItem","position":2,"name":"Legal notice"}]},{"@type":"WebSite","@id":"https:\/\/allfibercables.com\/#website","url":"https:\/\/allfibercables.com\/","name":"All Fiber Cables","description":"","publisher":{"@id":"https:\/\/allfibercables.com\/#organization"},"potentialAction":[{"@type":"SearchAction","target":{"@type":"EntryPoint","urlTemplate":"https:\/\/allfibercables.com\/?s={search_term_string}"},"query-input":"required name=search_term_string"}],"inLanguage":"en-US"},{"@type":"Organization","@id":"https:\/\/allfibercables.com\/#organization","name":"All Fiber Cables","url":"https:\/\/allfibercables.com\/","logo":{"@type":"ImageObject","inLanguage":"en-US","@id":"https:\/\/allfibercables.com\/#\/schema\/logo\/image\/","url":"https:\/\/allfibercables.com\/wp-content\/uploads\/2022\/11\/afc-logo-1.svg","contentUrl":"https:\/\/allfibercables.com\/wp-content\/uploads\/2022\/11\/afc-logo-1.svg","width":500,"height":278,"caption":"All Fiber Cables"},"image":{"@id":"https:\/\/allfibercables.com\/#\/schema\/logo\/image\/"}}]}},"_links":{"self":[{"href":"https:\/\/allfibercables.com\/en\/wp-json\/wp\/v2\/pages\/2362","targetHints":{"allow":["GET"]}}],"collection":[{"href":"https:\/\/allfibercables.com\/en\/wp-json\/wp\/v2\/pages"}],"about":[{"href":"https:\/\/allfibercables.com\/en\/wp-json\/wp\/v2\/types\/page"}],"author":[{"embeddable":true,"href":"https:\/\/allfibercables.com\/en\/wp-json\/wp\/v2\/users\/1"}],"replies":[{"embeddable":true,"href":"https:\/\/allfibercables.com\/en\/wp-json\/wp\/v2\/comments?post=2362"}],"version-history":[{"count":0,"href":"https:\/\/allfibercables.com\/en\/wp-json\/wp\/v2\/pages\/2362\/revisions"}],"wp:attachment":[{"href":"https:\/\/allfibercables.com\/en\/wp-json\/wp\/v2\/media?parent=2362"}],"curies":[{"name":"wp","href":"https:\/\/api.w.org\/{rel}","templated":true}]}}