{"id":2359,"date":"2021-05-03T06:55:41","date_gmt":"2021-05-03T04:55:41","guid":{"rendered":"https:\/\/allfibercables.com\/politica-de-privacidad\/"},"modified":"2022-12-14T16:45:55","modified_gmt":"2022-12-14T14:45:55","slug":"privacy-policy","status":"publish","type":"page","link":"https:\/\/allfibercables.com\/en\/privacy-policy\/","title":{"rendered":"Privacy Policy"},"content":{"rendered":"\t\t<div data-elementor-type=\"wp-page\" data-elementor-id=\"2359\" class=\"elementor elementor-2359 elementor-3\">\n\t\t\t\t\t\t<div class=\"elementor-inner\">\n\t\t\t\t<div class=\"elementor-section-wrap\">\n\t\t\t\t\t\t\t\t\t<section class=\"elementor-section elementor-top-section elementor-element elementor-element-15483b6 elementor-section-boxed elementor-section-height-default elementor-section-height-default\" data-id=\"15483b6\" data-element_type=\"section\" data-settings=\"{&quot;jet_parallax_layout_list&quot;:[{&quot;jet_parallax_layout_image&quot;:{&quot;url&quot;:&quot;&quot;,&quot;id&quot;:&quot;&quot;},&quot;_id&quot;:&quot;6c5a817&quot;,&quot;jet_parallax_layout_image_tablet&quot;:{&quot;url&quot;:&quot;&quot;,&quot;id&quot;:&quot;&quot;},&quot;jet_parallax_layout_image_mobile&quot;:{&quot;url&quot;:&quot;&quot;,&quot;id&quot;:&quot;&quot;},&quot;jet_parallax_layout_speed&quot;:{&quot;unit&quot;:&quot;%&quot;,&quot;size&quot;:50,&quot;sizes&quot;:[]},&quot;jet_parallax_layout_type&quot;:&quot;scroll&quot;,&quot;jet_parallax_layout_direction&quot;:null,&quot;jet_parallax_layout_fx_direction&quot;:null,&quot;jet_parallax_layout_z_index&quot;:&quot;&quot;,&quot;jet_parallax_layout_bg_x&quot;:50,&quot;jet_parallax_layout_bg_x_tablet&quot;:&quot;&quot;,&quot;jet_parallax_layout_bg_x_mobile&quot;:&quot;&quot;,&quot;jet_parallax_layout_bg_y&quot;:50,&quot;jet_parallax_layout_bg_y_tablet&quot;:&quot;&quot;,&quot;jet_parallax_layout_bg_y_mobile&quot;:&quot;&quot;,&quot;jet_parallax_layout_bg_size&quot;:&quot;auto&quot;,&quot;jet_parallax_layout_bg_size_tablet&quot;:&quot;&quot;,&quot;jet_parallax_layout_bg_size_mobile&quot;:&quot;&quot;,&quot;jet_parallax_layout_animation_prop&quot;:&quot;transform&quot;,&quot;jet_parallax_layout_on&quot;:[&quot;desktop&quot;,&quot;tablet&quot;]}]}\">\n\t\t\t\t\t\t<div class=\"elementor-container elementor-column-gap-default\">\n\t\t\t\t\t\t\t<div class=\"elementor-row\">\n\t\t\t\t\t<div class=\"elementor-column elementor-col-100 elementor-top-column elementor-element elementor-element-853f0c9\" data-id=\"853f0c9\" data-element_type=\"column\">\n\t\t\t<div class=\"elementor-column-wrap elementor-element-populated\">\n\t\t\t\t\t\t\t<div class=\"elementor-widget-wrap\">\n\t\t\t\t\t\t<div class=\"elementor-element elementor-element-54c4d15 elementor-widget elementor-widget-text-editor\" data-id=\"54c4d15\" data-element_type=\"widget\" data-widget_type=\"text-editor.default\">\n\t\t\t\t<div class=\"elementor-widget-container\">\n\t\t\t\t\t\t\t\t<div class=\"elementor-text-editor elementor-clearfix\">\n\t\t\t\t<h1>Pol\u00edtica de privacidad<\/h1>\n<table width=\"652\">\n<tbody>\n<tr>\n<td colspan=\"2\" width=\"652\"><strong>INFORMACI\u00d3N B\u00c1SICA SOBRE PROTECCION DE DATOS<\/strong><\/td>\n<\/tr>\n<tr>\n<td width=\"173\">Responsable<\/td>\n<td width=\"479\">ALL FIBER CABLES<\/td>\n<\/tr>\n<tr>\n<td width=\"173\">Finalidad<\/td>\n<td width=\"479\">El mantenimiento de la comunicaci\u00f3n entre ambas partes, la resoluci\u00f3n de dudas y consultas planteadas, y para facilitar el acceso a nuestros clientes y contactos a informaci\u00f3n referente a nuestros servicios.<\/td>\n<\/tr>\n<tr>\n<td width=\"173\">Legitimaci\u00f3n<\/td>\n<td width=\"479\">Consentimiento del interesado o de su representante legal al rellenar el formulario de la petici\u00f3n o consulta que el mismo realiza, o al contactar a trav\u00e9s de cualquiera de los enlaces a correo electr\u00f3nico de contacto facilitados en la p\u00e1gina.<\/td>\n<\/tr>\n<tr>\n<td width=\"173\">Destinatarios<\/td>\n<td width=\"479\">Los datos personales que usted ha facilitado tienen como \u00fanico destinatario a\u00a0<span style=\"font-size: 14.4px;\">ALL FIBER CABLES<\/span>\n\nNo se prev\u00e9n cesiones de datos.\n\nNo se prev\u00e9 la transferencia internacional de sus datos personales.<\/td>\n<\/tr>\n<tr>\n<td width=\"173\">Derechos<\/td>\n<td width=\"479\">Tiene derecho a acceder, rectificar y suprimir los datos, as\u00ed como otros derechos, como se explica en la informaci\u00f3n adicional, contactando con ALL FIBER CABLES a trav\u00e9s de info@allfibercables.com o\u00a0+34 919 931 408.<\/td>\n<\/tr>\n<\/tbody>\n<\/table>\nEl interesado reconoce la recepci\u00f3n de esta informaci\u00f3n procedente de parte de\u00a0ALL FIBER CABLES<span style=\"color: var( --e-global-color-primary ); font-family: var( --e-global-typography-text-font-family ), Sans-serif;\">, y ha le\u00eddo la informaci\u00f3n adicional sobre el tratamiento de sus datos personales.<\/span>\n\n<span style=\"color: var( --e-global-color-primary ); font-family: var( --e-global-typography-text-font-family ), Sans-serif;\">\u00a0<\/span>\n<h2>Informaci\u00f3n adicional sobre protecci\u00f3n de datos<\/h2>\n\u00bfQui\u00e9n es el Responsable del tratamiento de sus datos personales?\n<ul>\n \t<li><strong>Raz\u00f3n social:<\/strong> ALL FIBER CABLES<\/li>\n \t<li><strong>CIF:<\/strong> B16842445<\/li>\n \t<li><strong>Direcci\u00f3n fiscal:<\/strong> Edgar Neville 6, Madrid <\/li>\n \t<li><strong>Tel\u00e9fono:<\/strong> +34 919 931 408<\/li>\n \t<li><strong>Correo electr\u00f3nico:<\/strong> info@allfibercables.com<\/li>\n \t<li><strong>Dominio:<\/strong> www.allfibercables.com<\/li>\n<\/ul>\n<strong>\u00a0<\/strong>\n\n<strong>\u00bfCon qu\u00e9 finalidad tratamos sus datos personales?<\/strong>\n\nALL FIBER CABLES trata la informaci\u00f3n que nos facilitan las personas interesadas con el fin de mantener la comunicaci\u00f3n entre ambas partes, la resoluci\u00f3n de dudas y consultas planteadas.\n\n<strong>\u00a0<\/strong>\n\n<strong>\u00bfPor cu\u00e1nto tiempo conservaremos sus datos?<\/strong>\n\nLos datos personales proporcionados se conservar\u00e1n durante un tiempo prudencial desde la respuesta a su consulta o petici\u00f3n y se eliminar\u00e1n\u00a0cuando hayan dejado de ser necesarios para los fines que motivaron su recogida.\n\nSi el interesado ha autorizado el uso de su informaci\u00f3n de contacto para fines de recepci\u00f3n de informaci\u00f3n comercial, estos datos ser\u00e1n conservados mientras no se manifieste el deseo de exclusi\u00f3n de las listas de distribuci\u00f3n comerciales.\n\n<strong>\u00a0<\/strong>\n\n<strong>\u00bfCu\u00e1l es la legitimaci\u00f3n para el tratamiento de sus datos personales?<\/strong>\n\nLa base legal para el tratamiento de sus datos personales es el consentimiento del interesado o de su representante legal al rellenar el formulario de la petici\u00f3n o consulta que el mismo realiza, o al contactar a trav\u00e9s de cualquiera de los enlaces a correo electr\u00f3nico de contacto facilitados en la p\u00e1gina.\n\n<strong>\u00a0<\/strong>\n\n<strong>\u00bfSe comunicar\u00e1n sus datos a terceros?<\/strong>\n\nNo. Los datos que usted ha proporcionado tienen como destinatario a ALL FIBER CABLES.\n\nNo se prev\u00e9 la transferencia internacional de sus datos personales.\n\nALL FIBER CABLES mantiene contratados servicios de hosting web y webmail con proveedores especializados. Ello supone que los datos de env\u00edos telem\u00e1ticos en alg\u00fan momento se almacenar\u00e1n en estos servidores de terceros con los que ALL FIBER CABLES tiene firmados las correspondientes cl\u00e1usulas de confidencialidad.\n\n<strong>\u00a0<\/strong>\n\n<strong>\u00bfCu\u00e1les son sus derechos cuando nos facilita sus datos?<\/strong>\n\nLas personas interesadas tienen derecho a\u00a0acceder\u00a0a sus datos personales, as\u00ed como a solicitar la\u00a0rectificaci\u00f3n de los datos inexactos o, en su caso, solicitar su\u00a0supresi\u00f3n\u00a0cuando, entre otros motivos, los datos ya no sean necesarios para los fines que fueron recogidos. Adem\u00e1s tendr\u00e1n derecho a solicitar la\u00a0limitaci\u00f3n\u00a0de su tratamiento y a\u00a0oponerse\u00a0a este y tambi\u00e9n tendr\u00e1n derecho a la\u00a0portabilidad\u00a0de sus datos personales conforme a lo establecido en el Reglamento de Protecci\u00f3n de Datos sancionado por la Uni\u00f3n Europea.\n\nEn determinadas circunstancias, los interesados podr\u00e1n solicitar la limitaci\u00f3n del tratamiento de sus datos, en cuyo caso \u00fanicamente los conservaremos para el ejercicio o la defensa de reclamaciones.\n\nEn determinadas circunstancias y por motivos relacionados con su situaci\u00f3n particular, los interesados podr\u00e1n oponerse al tratamiento de sus datos. ALL FIBER CABLES dejar\u00e1 de tratar los datos, salvo por motivos leg\u00edtimos o el ejercicio o la defensa de posibles reclamaciones.\n\nPara el ejercicio de los derechos establecidos por la ley y los cu\u00e1les han sido descritos anteriormente, hay que dirigirse por escrito a EL ALL FIBER CABLES.\n\nSi el interesado lo solicita, ALL FIBER CABLES \u00a0le facilitar\u00e1 el formulario correspondiente para ejercer cualquiera de sus derechos.\n\nAdem\u00e1s, aquellos interesados que deseen saber m\u00e1s informaci\u00f3n sobre sus derechos podr\u00e1n obtenerla llamando a los tel\u00e9fonos 901.100.099 \/ 91.266.35.17 de la Agencia Espa\u00f1ola de Protecci\u00f3n de Datos o en su p\u00e1gina web, en el siguiente enlace:\n\n<a href=\"http:\/\/www.agpd.es\/portalwebAGPD\/CanalDelCiudadano\/derechos\/index-ides-idphp.php\">http:\/\/www.agpd.es\/portalwebAGPD\/CanalDelCiudadano\/derechos\/index-ides-idphp.php<\/a>\n\nAsimismo, todos aquellos interesados que no hayan obtenido satisfacci\u00f3n en el ejercicio de sus derechos podr\u00e1n presentar una reclamaci\u00f3n ante la Agencia Espa\u00f1ola de Protecci\u00f3n de Datos, situada en la calle Jorge Juan, 6 28001-Madrid. www.agpd.es.\n\n<!-- \/wp:paragraph -->\t\t\t\t\t<\/div>\n\t\t\t\t\t\t<\/div>\n\t\t\t\t<\/div>\n\t\t\t\t\t\t<\/div>\n\t\t\t\t\t<\/div>\n\t\t<\/div>\n\t\t\t\t\t\t\t\t<\/div>\n\t\t\t\t\t<\/div>\n\t\t<\/section>\n\t\t\t\t\t\t\t\t\t<\/div>\n\t\t\t<\/div>\n\t\t\t\t\t<\/div>\n\t\t","protected":false},"excerpt":{"rendered":"<p>Pol\u00edtica de privacidad INFORMACI\u00d3N B\u00c1SICA SOBRE PROTECCION DE DATOS Responsable Finalidad El mantenimiento de la comunicaci\u00f3n entre ambas partes, la resoluci\u00f3n de dudas y consultas planteadas, y para facilitar el acceso a nuestros clientes y contactos a informaci\u00f3n referente a nuestros servicios. Legitimaci\u00f3n Consentimiento del interesado o de su representante legal al rellenar el formulario [&hellip;]<\/p>\n","protected":false},"author":1,"featured_media":0,"parent":0,"menu_order":0,"comment_status":"closed","ping_status":"closed","template":"","meta":{"footnotes":""},"class_list":["post-2359","page","type-page","status-publish","hentry"],"yoast_head":"<!-- This site is optimized with the Yoast SEO plugin v19.11 - https:\/\/yoast.com\/wordpress\/plugins\/seo\/ -->\n<title>Privacy Policy - All Fiber Cables<\/title>\n<meta name=\"description\" content=\"Pol\u00edtica de privacidad INFORMACI\u00d3N B\u00c1SICA SOBRE PROTECCION DE DATOS Responsable Finalidad El mantenimiento de la comunicaci\u00f3n entre ambas partes, la\" \/>\n<meta name=\"robots\" content=\"noindex, follow\" \/>\n<meta property=\"og:locale\" content=\"en_US\" \/>\n<meta property=\"og:type\" content=\"article\" \/>\n<meta property=\"og:title\" content=\"Privacy Policy - All Fiber Cables\" \/>\n<meta property=\"og:description\" content=\"Pol\u00edtica de privacidad INFORMACI\u00d3N B\u00c1SICA SOBRE PROTECCION DE DATOS Responsable Finalidad El mantenimiento de la comunicaci\u00f3n entre ambas partes, la\" \/>\n<meta property=\"og:url\" content=\"https:\/\/allfibercables.com\/en\/privacy-policy\/\" \/>\n<meta property=\"og:site_name\" content=\"All Fiber Cables\" \/>\n<meta property=\"article:modified_time\" content=\"2022-12-14T14:45:55+00:00\" \/>\n<meta name=\"twitter:card\" content=\"summary_large_image\" \/>\n<meta name=\"twitter:label1\" content=\"Est. reading time\" \/>\n\t<meta name=\"twitter:data1\" content=\"4 minutes\" \/>\n<script type=\"application\/ld+json\" class=\"yoast-schema-graph\">{\"@context\":\"https:\/\/schema.org\",\"@graph\":[{\"@type\":\"WebPage\",\"@id\":\"https:\/\/allfibercables.com\/en\/privacy-policy\/\",\"url\":\"https:\/\/allfibercables.com\/en\/privacy-policy\/\",\"name\":\"Privacy Policy - All Fiber Cables\",\"isPartOf\":{\"@id\":\"https:\/\/allfibercables.com\/#website\"},\"datePublished\":\"2021-05-03T04:55:41+00:00\",\"dateModified\":\"2022-12-14T14:45:55+00:00\",\"description\":\"Pol\u00edtica de privacidad INFORMACI\u00d3N B\u00c1SICA SOBRE PROTECCION DE DATOS Responsable Finalidad El mantenimiento de la comunicaci\u00f3n entre ambas partes, la\",\"breadcrumb\":{\"@id\":\"https:\/\/allfibercables.com\/en\/privacy-policy\/#breadcrumb\"},\"inLanguage\":\"en-US\",\"potentialAction\":[{\"@type\":\"ReadAction\",\"target\":[\"https:\/\/allfibercables.com\/en\/privacy-policy\/\"]}]},{\"@type\":\"BreadcrumbList\",\"@id\":\"https:\/\/allfibercables.com\/en\/privacy-policy\/#breadcrumb\",\"itemListElement\":[{\"@type\":\"ListItem\",\"position\":1,\"name\":\"Inicio\",\"item\":\"https:\/\/allfibercables.com\/\"},{\"@type\":\"ListItem\",\"position\":2,\"name\":\"Privacy Policy\"}]},{\"@type\":\"WebSite\",\"@id\":\"https:\/\/allfibercables.com\/#website\",\"url\":\"https:\/\/allfibercables.com\/\",\"name\":\"All Fiber Cables\",\"description\":\"\",\"publisher\":{\"@id\":\"https:\/\/allfibercables.com\/#organization\"},\"potentialAction\":[{\"@type\":\"SearchAction\",\"target\":{\"@type\":\"EntryPoint\",\"urlTemplate\":\"https:\/\/allfibercables.com\/?s={search_term_string}\"},\"query-input\":\"required name=search_term_string\"}],\"inLanguage\":\"en-US\"},{\"@type\":\"Organization\",\"@id\":\"https:\/\/allfibercables.com\/#organization\",\"name\":\"All Fiber Cables\",\"url\":\"https:\/\/allfibercables.com\/\",\"logo\":{\"@type\":\"ImageObject\",\"inLanguage\":\"en-US\",\"@id\":\"https:\/\/allfibercables.com\/#\/schema\/logo\/image\/\",\"url\":\"https:\/\/allfibercables.com\/wp-content\/uploads\/2022\/11\/afc-logo-1.svg\",\"contentUrl\":\"https:\/\/allfibercables.com\/wp-content\/uploads\/2022\/11\/afc-logo-1.svg\",\"width\":500,\"height\":278,\"caption\":\"All Fiber Cables\"},\"image\":{\"@id\":\"https:\/\/allfibercables.com\/#\/schema\/logo\/image\/\"}}]}<\/script>\n<!-- \/ Yoast SEO plugin. -->","yoast_head_json":{"title":"Privacy Policy - All Fiber Cables","description":"Pol\u00edtica de privacidad INFORMACI\u00d3N B\u00c1SICA SOBRE PROTECCION DE DATOS Responsable Finalidad El mantenimiento de la comunicaci\u00f3n entre ambas partes, la","robots":{"index":"noindex","follow":"follow"},"og_locale":"en_US","og_type":"article","og_title":"Privacy Policy - All Fiber Cables","og_description":"Pol\u00edtica de privacidad INFORMACI\u00d3N B\u00c1SICA SOBRE PROTECCION DE DATOS Responsable Finalidad El mantenimiento de la comunicaci\u00f3n entre ambas partes, la","og_url":"https:\/\/allfibercables.com\/en\/privacy-policy\/","og_site_name":"All Fiber Cables","article_modified_time":"2022-12-14T14:45:55+00:00","twitter_card":"summary_large_image","twitter_misc":{"Est. reading time":"4 minutes"},"schema":{"@context":"https:\/\/schema.org","@graph":[{"@type":"WebPage","@id":"https:\/\/allfibercables.com\/en\/privacy-policy\/","url":"https:\/\/allfibercables.com\/en\/privacy-policy\/","name":"Privacy Policy - All Fiber Cables","isPartOf":{"@id":"https:\/\/allfibercables.com\/#website"},"datePublished":"2021-05-03T04:55:41+00:00","dateModified":"2022-12-14T14:45:55+00:00","description":"Pol\u00edtica de privacidad INFORMACI\u00d3N B\u00c1SICA SOBRE PROTECCION DE DATOS Responsable Finalidad El mantenimiento de la comunicaci\u00f3n entre ambas partes, la","breadcrumb":{"@id":"https:\/\/allfibercables.com\/en\/privacy-policy\/#breadcrumb"},"inLanguage":"en-US","potentialAction":[{"@type":"ReadAction","target":["https:\/\/allfibercables.com\/en\/privacy-policy\/"]}]},{"@type":"BreadcrumbList","@id":"https:\/\/allfibercables.com\/en\/privacy-policy\/#breadcrumb","itemListElement":[{"@type":"ListItem","position":1,"name":"Inicio","item":"https:\/\/allfibercables.com\/"},{"@type":"ListItem","position":2,"name":"Privacy Policy"}]},{"@type":"WebSite","@id":"https:\/\/allfibercables.com\/#website","url":"https:\/\/allfibercables.com\/","name":"All Fiber Cables","description":"","publisher":{"@id":"https:\/\/allfibercables.com\/#organization"},"potentialAction":[{"@type":"SearchAction","target":{"@type":"EntryPoint","urlTemplate":"https:\/\/allfibercables.com\/?s={search_term_string}"},"query-input":"required name=search_term_string"}],"inLanguage":"en-US"},{"@type":"Organization","@id":"https:\/\/allfibercables.com\/#organization","name":"All Fiber Cables","url":"https:\/\/allfibercables.com\/","logo":{"@type":"ImageObject","inLanguage":"en-US","@id":"https:\/\/allfibercables.com\/#\/schema\/logo\/image\/","url":"https:\/\/allfibercables.com\/wp-content\/uploads\/2022\/11\/afc-logo-1.svg","contentUrl":"https:\/\/allfibercables.com\/wp-content\/uploads\/2022\/11\/afc-logo-1.svg","width":500,"height":278,"caption":"All Fiber Cables"},"image":{"@id":"https:\/\/allfibercables.com\/#\/schema\/logo\/image\/"}}]}},"_links":{"self":[{"href":"https:\/\/allfibercables.com\/en\/wp-json\/wp\/v2\/pages\/2359","targetHints":{"allow":["GET"]}}],"collection":[{"href":"https:\/\/allfibercables.com\/en\/wp-json\/wp\/v2\/pages"}],"about":[{"href":"https:\/\/allfibercables.com\/en\/wp-json\/wp\/v2\/types\/page"}],"author":[{"embeddable":true,"href":"https:\/\/allfibercables.com\/en\/wp-json\/wp\/v2\/users\/1"}],"replies":[{"embeddable":true,"href":"https:\/\/allfibercables.com\/en\/wp-json\/wp\/v2\/comments?post=2359"}],"version-history":[{"count":0,"href":"https:\/\/allfibercables.com\/en\/wp-json\/wp\/v2\/pages\/2359\/revisions"}],"wp:attachment":[{"href":"https:\/\/allfibercables.com\/en\/wp-json\/wp\/v2\/media?parent=2359"}],"curies":[{"name":"wp","href":"https:\/\/api.w.org\/{rel}","templated":true}]}}